{"id":3363,"date":"2025-01-13T20:57:26","date_gmt":"2025-01-13T17:57:26","guid":{"rendered":"https:\/\/evdebakimparasimaasi.com\/blog\/?page_id=3363"},"modified":"2025-01-13T20:57:29","modified_gmt":"2025-01-13T17:57:29","slug":"engelli-bakim-maasi-hesaplama","status":"publish","type":"page","link":"https:\/\/evdebakimparasimaasi.com\/blog\/engelli-bakim-maasi-hesaplama\/","title":{"rendered":"Engelli Bak\u0131m Maa\u015f\u0131 Hesaplama"},"content":{"rendered":"\n<p><\/p>\n\n\n\n<!-- PEXPE.COM, Kolay ve H\u0131zl\u0131 Hesaplama --><a href=\"https:\/\/www.pexpe.com\/evde-bakim-maasi-gelir-kriteri-hesaplama\/\" target=\"_blank\" rel=\"nofollow noopener\"><img decoding=\"async\" src=\"https:\/\/www.pexpe.com\/back.png\" alt=\"Evde Bak\u0131m Maa\u015f\u0131 Gelir Kriteri Hesaplama 2025\" style=\"width: 215px; height: 12px; float: right; margin-bottom:-5px;\"><\/a><iframe id=\"pexpe\" src=\"data:image\/png;base64,iVBORw0KGgoAAAANSUhEUgAAAYYAAADcAQMAAABOLJSDAAAAA1BMVEUAAACnej3aAAAAAXRSTlMAQObYZgAAACJJREFUaIHtwTEBAAAAwqD1T20ND6AAAAAAAAAAAAAA4N8AKvgAAUFIrrEAAAAASUVORK5CYII=\" data-src=\"https:\/\/www.pexpe.com\/?cff-form=228&#038;template=cp_cff_custom\" style=\"width:100%; height:1310px; overflow: hidden; border: none;\" class=\"geo-lazy\" scrolling=\"no\"><\/iframe><script>let iframe=document.getElementById(\"pexpe\");window.addEventListener(\"message\",function(e){let message=e.data;iframe.style.height=message.height+20+\"px\";},false);<\/script><!-- PEXPE.COM, Kolay ve H\u0131zl\u0131 Hesaplama -->\n","protected":false},"excerpt":{"rendered":"","protected":false},"author":1,"featured_media":0,"parent":0,"menu_order":0,"comment_status":"closed","ping_status":"closed","template":"","meta":{"footnotes":""},"class_list":["post-3363","page","type-page","status-publish","hentry"],"_links":{"self":[{"href":"https:\/\/evdebakimparasimaasi.com\/blog\/wp-json\/wp\/v2\/pages\/3363","targetHints":{"allow":["GET"]}}],"collection":[{"href":"https:\/\/evdebakimparasimaasi.com\/blog\/wp-json\/wp\/v2\/pages"}],"about":[{"href":"https:\/\/evdebakimparasimaasi.com\/blog\/wp-json\/wp\/v2\/types\/page"}],"author":[{"embeddable":true,"href":"https:\/\/evdebakimparasimaasi.com\/blog\/wp-json\/wp\/v2\/users\/1"}],"replies":[{"embeddable":true,"href":"https:\/\/evdebakimparasimaasi.com\/blog\/wp-json\/wp\/v2\/comments?post=3363"}],"version-history":[{"count":0,"href":"https:\/\/evdebakimparasimaasi.com\/blog\/wp-json\/wp\/v2\/pages\/3363\/revisions"}],"wp:attachment":[{"href":"https:\/\/evdebakimparasimaasi.com\/blog\/wp-json\/wp\/v2\/media?parent=3363"}],"curies":[{"name":"wp","href":"https:\/\/api.w.org\/{rel}","templated":true}]}}